{"id":7629,"date":"2024-04-05T21:17:45","date_gmt":"2024-04-06T00:17:45","guid":{"rendered":"https:\/\/yakeddgraph.com\/?post_type=product&#038;p=7629"},"modified":"2026-02-25T23:26:51","modified_gmt":"2026-02-26T02:26:51","slug":"dropshipping-website","status":"publish","type":"product","link":"https:\/\/yakeddgraph.com\/en\/producto\/dropshipping-website\/","title":{"rendered":"Sitio Web de Comercio Electronico de Dropshipping"},"content":{"rendered":"<span data-no-translation><h3>Comercio Electr\u00f3nico de Dropshipping: Dise\u00f1amos tu Tienda Online para Impulsar tus Ventas \u26a1<\/h3>\n<p>Dise\u00f1amos tu tienda online lista para generar ventas desde el primer d\u00eda. \u26a1<br \/>\nEn YakeddGraph, creamos tiendas de dropshipping profesionales, r\u00e1pidas y sin pagos mensuales innecesarios. Olv\u00eddate de cuotas a Shopify: aqu\u00ed pagas una sola vez al a\u00f1o y obtienes dominio, hosting y dise\u00f1o incluidos. \ud83d\udca5<br \/>\nCon nuestro servicio, tendr\u00e1s todo lo que necesitas para vender sin preocuparte del inventario ni la gesti\u00f3n de productos.<br \/>\n\ud83c\udf1f \u00bfQu\u00e9 incluye tu Tienda Dropshipping?<\/p>\n<figure class=\"wp-block-image aligncenter size-large\"><\/figure>\n<p>\ud83c\udf10 Dominio .com profesional por 1 a\u00f1o.<\/p>\n<p>\u2699\ufe0f Hosting r\u00e1pido y seguro, tambi\u00e9n por 1 a\u00f1o.<\/p>\n<p>\ud83d\udd17 Integraci\u00f3n con AliExpress o Dropi para vender sin stock.<\/p>\n<p>\u26a1 Sitio 100% responsive, r\u00e1pido y optimizado.<\/p>\n<p>\ud83d\udce9 Formulario de contacto integrado.<\/p>\n<p>\ud83d\ude80 Optimizaci\u00f3n SEO para aparecer en Google.<\/p>\n<p>\ud83d\udcf1 Conexi\u00f3n con redes sociales y herramientas de an\u00e1lisis.<\/p>\n<p>\ud83e\uddf1 Dise\u00f1o atractivo y fotos HD para resaltar tus productos.<\/p>\n<p>Todo desarrollado sobre WordPress + WooCommerce, una plataforma s\u00f3lida, escalable y f\u00e1cil de administrar.<br \/>\n\ud83d\udd8b\ufe0f \u00bfNo tienes logo a\u00fan? \u00a1Lo creamos por ti! Nuestro equipo de dise\u00f1o profesional puede desarrollar toda tu identidad de marca.<br \/>\n\u23f1\ufe0f Plazo de entrega: entre 1 y 2 semanas, dependiendo de tus requerimientos. \u00a1Listo para vender r\u00e1pido y sin complicaciones!<br \/>\n\ud83d\udca1 Tu negocio online comienza hoy con YakeddGraph. Crea tu tienda, conecta tus productos y empieza a ganar desde cualquier lugar. \ud83c\udf0d<\/p>\n<\/span>","protected":false},"excerpt":{"rendered":"<p>Comercio Electr\u00f3nico de Dropshipping: Dise\u00f1amos tu Tienda Online para Impulsar tus Ventas \u26a1 Dise\u00f1amos tu tienda online lista para generar&hellip;<\/p>","protected":false},"featured_media":14052,"comment_status":"open","ping_status":"closed","template":"","meta":[],"product_brand":[],"product_cat":[22],"product_tag":[344,25],"class_list":{"0":"post-7629","1":"product","2":"type-product","3":"status-publish","4":"has-post-thumbnail","6":"product_cat-design-and-development-services","7":"product_tag-ecommerce","8":"product_tag-website-design-and-construction","10":"first","11":"instock","12":"sold-individually","13":"purchasable","14":"product-type-variable","15":"has-default-attributes"},"_links":{"self":[{"href":"https:\/\/yakeddgraph.com\/en\/wp-json\/wp\/v2\/product\/7629","targetHints":{"allow":["GET"]}}],"collection":[{"href":"https:\/\/yakeddgraph.com\/en\/wp-json\/wp\/v2\/product"}],"about":[{"href":"https:\/\/yakeddgraph.com\/en\/wp-json\/wp\/v2\/types\/product"}],"replies":[{"embeddable":true,"href":"https:\/\/yakeddgraph.com\/en\/wp-json\/wp\/v2\/comments?post=7629"}],"wp:featuredmedia":[{"embeddable":true,"href":"https:\/\/yakeddgraph.com\/en\/wp-json\/wp\/v2\/media\/14052"}],"wp:attachment":[{"href":"https:\/\/yakeddgraph.com\/en\/wp-json\/wp\/v2\/media?parent=7629"}],"wp:term":[{"taxonomy":"product_brand","embeddable":true,"href":"https:\/\/yakeddgraph.com\/en\/wp-json\/wp\/v2\/product_brand?post=7629"},{"taxonomy":"product_cat","embeddable":true,"href":"https:\/\/yakeddgraph.com\/en\/wp-json\/wp\/v2\/product_cat?post=7629"},{"taxonomy":"product_tag","embeddable":true,"href":"https:\/\/yakeddgraph.com\/en\/wp-json\/wp\/v2\/product_tag?post=7629"}],"curies":[{"name":"wp","href":"https:\/\/api.w.org\/{rel}","templated":true}]}}