{"id":797,"date":"2021-11-15T20:42:07","date_gmt":"2021-11-15T23:42:07","guid":{"rendered":"https:\/\/yakeddgraph.com\/?post_type=product&#038;p=797"},"modified":"2026-02-26T00:19:29","modified_gmt":"2026-02-26T03:19:29","slug":"seo-and-web-positioning-service-copywriting","status":"publish","type":"product","link":"https:\/\/yakeddgraph.com\/en\/producto\/seo-and-web-positioning-service-copywriting\/","title":{"rendered":"SEO and Web Positioning Service (Copywriting)"},"content":{"rendered":"<h3>\u00a1Impulsa tu Tr\u00e1fico Org\u00e1nico con Nuestro Servicio de SEO y Posicionamiento Web! \u26a1<\/h3>\n<div>\n<div class=\"prose dark:prose-invert inline leading-relaxed break-words min-w-0 [word-break:break-word] prose-strong:font-bold [&amp;_&gt;*:first-child]:mt-0 [&amp;_&gt;*:last-child]:mb-0\">\n<p class=\"my-2 [&amp;+p]:mt-4 [&amp;_strong:has(+br)]:inline-block [&amp;_strong:has(+br)]:pb-2\">En YakeddGraph, posicionamos tu sitio en los primeros resultados de Google para <strong>toda Am\u00e9rica Latina<\/strong> (Chile, M\u00e9xico, Colombia, Argentina, Per\u00fa, etc.). Combinamos <strong>SEO t\u00e9cnico + copywriting persuasivo<\/strong> para atraer tr\u00e1fico org\u00e1nico de calidad y convertir visitas en ventas reales desde cualquier pa\u00eds.<span class=\"group\/trigger inline-flex min-w-0\" data-state=\"closed\"><span class=\"citation inline-flex min-w-0\"><span class=\"relative -mt-px max-w-full min-w-0 whitespace-nowrap -top-px font-sans text-base text-foreground select-none selection:bg-super\/50 selection:text-foreground dark:selection:bg-super\/10 dark:selection:text-super bg-transparent\"><span class=\"text-3xs rounded-badge group min-w-4 max-w-full cursor-pointer text-center align-middle font-mono tabular-nums font-normal transition-colors duration-150 inline-flex items-center py-[0.1875rem] leading-snug px-[0.3rem] [@media(hover:hover)]:hover:bg-subtler group-data-[state=open]\/trigger:bg-subtler border-subtlest ring-subtlest divide-subtlest bg-subtle\"><span class=\"inline-block relative !mt-0 ![vertical-align:unset] max-w-[25ch] overflow-hidden\">yakeddgraph<\/span><span class=\"inline-block ml-xs mr-px !mt-0 ![vertical-align:unset]\"><span class=\"opacity-50\">+1<\/span><\/span><\/span><\/span><\/span><\/span><\/p>\n<p id=\"qu-hacemos-por-tu-negocio-en-amrica\" class=\"mb-2 mt-4 [.has-inline-images_&amp;]:clear-end font-editorial font-bold text-base first:mt-0\">\ud83c\udf1f \u00bfQu\u00e9 hacemos por tu negocio en Am\u00e9rica?<\/p>\n<ul class=\"marker:text-quiet list-disc\">\n<li class=\"py-0 my-0 prose-p:pt-0 prose-p:mb-2 prose-p:my-0 [&amp;&gt;p]:pt-0 [&amp;&gt;p]:mb-2 [&amp;&gt;p]:my-0\">\n<p class=\"my-2 [&amp;+p]:mt-4 [&amp;_strong:has(+br)]:inline-block [&amp;_strong:has(+br)]:pb-2\">\ud83d\udcdd Redacci\u00f3n SEO multiling\u00fce: textos optimizados en espa\u00f1ol para b\u00fasquedas locales y regionales.<\/p>\n<\/li>\n<li class=\"py-0 my-0 prose-p:pt-0 prose-p:mb-2 prose-p:my-0 [&amp;&gt;p]:pt-0 [&amp;&gt;p]:mb-2 [&amp;&gt;p]:my-0\">\n<p class=\"my-2 [&amp;+p]:mt-4 [&amp;_strong:has(+br)]:inline-block [&amp;_strong:has(+br)]:pb-2\">\ud83e\udde9 SEO On-Page completo: t\u00edtulos, meta, velocidad, estructura para m\u00f3viles (clave en Latam).<span class=\"inline-flex\" aria-label=\"Servicio de SEO y Posicionamiento Web (Copywriting) - YakeddGraph\" data-state=\"closed\">\u200b<\/span><\/p>\n<\/li>\n<li class=\"py-0 my-0 prose-p:pt-0 prose-p:mb-2 prose-p:my-0 [&amp;&gt;p]:pt-0 [&amp;&gt;p]:mb-2 [&amp;&gt;p]:my-0\">\n<p class=\"my-2 [&amp;+p]:mt-4 [&amp;_strong:has(+br)]:inline-block [&amp;_strong:has(+br)]:pb-2\">\ud83d\udd17 SEO Off-Page &amp; Link Building: enlaces de sitios latinoamericanos de alta autoridad.<\/p>\n<\/li>\n<li class=\"py-0 my-0 prose-p:pt-0 prose-p:mb-2 prose-p:my-0 [&amp;&gt;p]:pt-0 [&amp;&gt;p]:mb-2 [&amp;&gt;p]:my-0\">\n<p class=\"my-2 [&amp;+p]:mt-4 [&amp;_strong:has(+br)]:inline-block [&amp;_strong:has(+br)]:pb-2\">\ud83c\udfaf Palabras clave Am\u00e9rica: investigaci\u00f3n de t\u00e9rminos en espa\u00f1ol de Chile, M\u00e9xico, Colombia, Argentina y m\u00e1s.<\/p>\n<\/li>\n<li class=\"py-0 my-0 prose-p:pt-0 prose-p:mb-2 prose-p:my-0 [&amp;&gt;p]:pt-0 [&amp;&gt;p]:mb-2 [&amp;&gt;p]:my-0\">\n<p class=\"my-2 [&amp;+p]:mt-4 [&amp;_strong:has(+br)]:inline-block [&amp;_strong:has(+br)]:pb-2\">\ud83d\udccd SEO Local + Regional: posicionamiento por pa\u00eds\/ciudad + b\u00fasquedas transfronterizas.<\/p>\n<\/li>\n<li class=\"py-0 my-0 prose-p:pt-0 prose-p:mb-2 prose-p:my-0 [&amp;&gt;p]:pt-0 [&amp;&gt;p]:mb-2 [&amp;&gt;p]:my-0\">\n<p class=\"my-2 [&amp;+p]:mt-4 [&amp;_strong:has(+br)]:inline-block [&amp;_strong:has(+br)]:pb-2\">\ud83e\uddea Auditor\u00eda SEO personalizada: errores t\u00e9cnicos, oportunidades y plan de acci\u00f3n para Latam.<span class=\"inline-flex\" aria-label=\"Servicio de SEO y Posicionamiento Web (Copywriting) - YakeddGraph\" data-state=\"closed\">\u200b<\/span><\/p>\n<\/li>\n<\/ul>\n<p class=\"my-2 [&amp;+p]:mt-4 [&amp;_strong:has(+br)]:inline-block [&amp;_strong:has(+br)]:pb-2\">\u23f1\ufe0f Planes mensuales escalables para startups en Chile que quieren expandirse a Am\u00e9rica o empresas latinas ya consolidadas.<\/p>\n<p class=\"my-2 [&amp;+p]:mt-4 [&amp;_strong:has(+br)]:inline-block [&amp;_strong:has(+br)]:pb-2\">\ud83d\udca1 Ideal si tu web no llega a M\u00e9xico\/Colombia\/Argentina, buscas tr\u00e1fico org\u00e1nico masivo desde Latam o necesitas textos que vendan en espa\u00f1ol neutro. Nosotros hacemos que Google te encuentre en toda la regi\u00f3n.<\/p>\n<p class=\"my-2 [&amp;+p]:mt-4 [&amp;_strong:has(+br)]:inline-block [&amp;_strong:has(+br)]:pb-2\">\ud83d\ude80 Posiciona tu negocio en Am\u00e9rica Latina con el SEO de YakeddGraph. \u00a1Atrae clientes de Chile a M\u00e9xico!<\/p>\n<\/div>\n<\/div>\n<figure class=\"wp-block-image aligncenter size-large\"><\/figure>\n","protected":false},"excerpt":{"rendered":"<p>Boost your Organic Traffic with our SEO and Search Engine Optimization Service! \u26a1 At YakeddGraph, we position your site in the...<\/p>","protected":false},"featured_media":14071,"comment_status":"open","ping_status":"closed","template":"","meta":[],"product_brand":[],"product_cat":[27],"product_tag":[346,345,31],"class_list":{"0":"post-797","1":"product","2":"type-product","3":"status-publish","4":"has-post-thumbnail","6":"product_cat-marketing-services","7":"product_tag-copywriting","8":"product_tag-seo","9":"product_tag-seo-and-web-positioning-service-copywriting","11":"first","12":"instock","13":"virtual","14":"sold-individually","15":"purchasable","16":"product-type-simple"},"_links":{"self":[{"href":"https:\/\/yakeddgraph.com\/en\/wp-json\/wp\/v2\/product\/797","targetHints":{"allow":["GET"]}}],"collection":[{"href":"https:\/\/yakeddgraph.com\/en\/wp-json\/wp\/v2\/product"}],"about":[{"href":"https:\/\/yakeddgraph.com\/en\/wp-json\/wp\/v2\/types\/product"}],"replies":[{"embeddable":true,"href":"https:\/\/yakeddgraph.com\/en\/wp-json\/wp\/v2\/comments?post=797"}],"wp:featuredmedia":[{"embeddable":true,"href":"https:\/\/yakeddgraph.com\/en\/wp-json\/wp\/v2\/media\/14071"}],"wp:attachment":[{"href":"https:\/\/yakeddgraph.com\/en\/wp-json\/wp\/v2\/media?parent=797"}],"wp:term":[{"taxonomy":"product_brand","embeddable":true,"href":"https:\/\/yakeddgraph.com\/en\/wp-json\/wp\/v2\/product_brand?post=797"},{"taxonomy":"product_cat","embeddable":true,"href":"https:\/\/yakeddgraph.com\/en\/wp-json\/wp\/v2\/product_cat?post=797"},{"taxonomy":"product_tag","embeddable":true,"href":"https:\/\/yakeddgraph.com\/en\/wp-json\/wp\/v2\/product_tag?post=797"}],"curies":[{"name":"wp","href":"https:\/\/api.w.org\/{rel}","templated":true}]}}